{"id":13,"date":"2015-10-13T16:04:57","date_gmt":"2015-10-13T14:04:57","guid":{"rendered":"http:\/\/46.4.73.4\/tec4data\/?page_id=13"},"modified":"2025-03-08T03:56:39","modified_gmt":"2025-03-08T02:56:39","slug":"home","status":"publish","type":"page","link":"https:\/\/www.tec4data.com\/","title":{"rendered":"\u00dcber uns"},"content":{"rendered":"<div class=\"be-section       clearfix\" data-headerscheme=\"background--light\" style=\"background:#000000 url(https:\/\/www.tec4data.com\/wp-content\/uploads\/sites\/3\/2015\/10\/brain2.png) no-repeat scroll top left;\" ><div class=\"be-section-pad clearfix\" style=\"padding-top:20px;padding-bottom:20px;\"><div class=\"be-row clearfix be-wrap  zero-bottom\"><div class=\"one-col column-block clearfix  \" style=\"\"><div class=\"animate-number-wrap\"><span class=\"animate-number animate\" data-number=\"2026\" style=\"color:#ff0000;font-size:45px;line-height:1\"><\/span><h6><span class=\"animate-number-caption\" style=\"color:#323232;font-size:13px;\"><\/span><\/h6><\/div><\/div><\/div><div class=\"be-row clearfix be-wrap \"><div class=\"one-third column-block   \" style=\"\"><div class=\"be-text-block be-animate scrollToFade\" data-animation=\"fadeInDown\"><h3>Produktentwickler aus Leidenschaft<\/h3>\n<p style=\"text-align: left;\">1996 gegr\u00fcndet, haben wir uns unterschiedlichsten Herausforderungen gestellt, um die W\u00fcnsche unserer Kunden zu erf\u00fcllen. Flexibilit\u00e4t, Innovationskraft, ganzheitliche Denkans\u00e4tze &nbsp;und unser Motto \u201egeht nicht gibt\u2019s nicht\u201c waren stets der Garant f\u00fcr zielf\u00fchrende Projektabschl\u00fcsse und zufriedene Kunden.<\/p>\n<\/div><\/div><div class=\"one-third column-block   \" style=\"\"><div class=\"be-text-block be-animate scrollToFade\" data-animation=\"fadeInDown\"><h3 style=\"text-align: left;\">Single Point of Contact<\/h3>\n<p style=\"text-align: left;\">Kontinuierlich bauen wir unsere Kompetenzen aus. Waren es anfangs ausschlie\u00dflich mechanisch dominierte Projekte, sind wir seit 2010 in der Lage komplexe Anforderungen in den Bereichen Embedded Engineering, Datenbankanbindung und WEB-Integration abzudecken. Mit unserer Erfahrung in den Bereichen Werkzeugbau&nbsp;und Serienfertigung sehen wir uns als zentrale Anlaufstelle f\u00fcr herausfordernde Projekte.<\/p>\n<\/div><\/div><div class=\"one-third column-block   \" style=\"\"><div class=\"be-text-block be-animate scrollToFade\" data-animation=\"fadeInDown\"><h3 style=\"text-align: left;\">flexibel &#8211; innovativ &#8211; kreativ<\/h3>\n<p style=\"text-align: left;\">Wir sind Nerds und Freaks, aus \u00dcberzeugung. Nur wenn wir unsere Begeisterungsf\u00e4higkeit und unorthodoxe Sicht der Dinge bewahren und b\u00fcndeln, sind wir in der Lage &#8222;scheinbar&#8220; unl\u00f6sbare Aufgaben zu l\u00f6sen, sch\u00fctzenswerte Arbeitsergebnisse zu liefern&nbsp;und&nbsp;unseren Kunden gegen\u00fcber ihren Wettbewerbern Marktvorteile zu sichern.<\/p>\n<\/div><\/div><\/div><div class=\"be-row clearfix \"><div class=\"one-col column-block clearfix  \" style=\"\"><div class=\"animate-number-wrap\"><span class=\"animate-number animate\" data-number=\"1996\" style=\"color:#ff0000;font-size:45px;line-height:1\"><\/span><h6><span class=\"animate-number-caption\" style=\"color:#323232;font-size:13px;\"><\/span><\/h6><\/div><\/div><\/div><\/div><\/div><div class=\"be-section be-bg-cover be-bg-parallax    full-screen-section clearfix\" data-headerscheme=\"background--light\" style=\"background: url(https:\/\/www.tec4data.com\/wp-content\/uploads\/sites\/3\/2024\/06\/b-cam-e1742580398183.png) no-repeat fixed center center;\" ><div class=\"full-screen-section-wrap\"><div class=\"be-section-pad clearfix\" style=\"padding-top:200px;padding-bottom:200px;\"><div class=\"be-row clearfix  zero-bottom be-no-space\"><div class=\"one-col column-block clearfix  \" style=\"\"><div class=\"be-text-block be-animate scrollToFade\" data-animation=\"fadeIn\"><div class=\"special-heading-wrap style2 \" style=\"border-color: rgba(0,0,0,0.55);\" data-animation=\"fadeIn\">\n<div class=\"special-heading align-center\" style=\"background-color: rgba(0,0,0,0.55);\">\n<h3 style=\"text-align: center;\">&#8222;Design is not just what it looks like and feels like.<br \/>\nDesign is how it works.&#8220;<\/h3>\n<h4 style=\"text-align: center;\">Steve Jobs<\/h4>\n<\/div>\n<\/div>\n<\/div><\/div><\/div><\/div><\/div><\/div><div class=\"be-section       clearfix\" data-headerscheme=\"background--light\" style=\"background:#000000 url(https:\/\/www.tec4data.com\/wp-content\/uploads\/sites\/3\/2015\/10\/brain2.png) no-repeat scroll bottom right;\" ><div class=\"be-section-pad clearfix\" style=\"padding-top:100px;padding-bottom:100px;\"><div class=\"be-row clearfix be-wrap \"><div class=\"one-col column-block clearfix  \" style=\"\"><div class=\"special-heading-wrap style3 be-animate scrollToFade\" data-animation=\"fadeIn\"><div class=\"special-heading align-center\"><h1 class=\"special-h-tag\" style=\"color: #ff0000\">TEAM<\/h1><\/div><\/div><\/div><\/div><div class=\"be-row clearfix be-wrap \"><div class=\"one-third column-block   \" style=\"\"><div class=\"team-shortcode-wrap\"><div class=\"team-img  be-animate\" data-animation=\"rotateIn\"><img decoding=\"async\" src=\"https:\/\/www.tec4data.com\/wp-content\/uploads\/sites\/3\/2015\/10\/berni.jpg\" alt=\"Bernhard\" \/><\/div>\n\t\t\t\t\t<div class=\"team-wrap  be-animate\" data-animation=\"rotateIn\">\n\t\t\t\t\t<h3 class=\"team-title\" style=\"color: #ff0000\">Bernhard<\/h3><p class=\"designation alt-color\" >Mechanical Engineer<\/p>\n\t\t\t\t\t<p class=\"team-description\" >Mechanical Engineering, Feasibility and Concept Studies, Projectmanagement<\/p><\/div><\/div><\/div><div class=\"one-third column-block   \" style=\"\"><div class=\"team-shortcode-wrap\"><div class=\"team-img  be-animate\" data-animation=\"rotateIn\"><img decoding=\"async\" src=\"https:\/\/www.tec4data.com\/wp-content\/uploads\/sites\/3\/2015\/10\/karoly_portrait_sw-650x650.png\" alt=\"K\u00e1roly\" \/><\/div>\n\t\t\t\t\t<div class=\"team-wrap  be-animate\" data-animation=\"rotateIn\">\n\t\t\t\t\t<h3 class=\"team-title\" style=\"color: #ff0000\">K\u00e1roly<\/h3><p class=\"designation alt-color\" >Embedded Engineer<\/p>\n\t\t\t\t\t<p class=\"team-description\" >Embedded Systems, FPGA, Microcontroller, PCB, Prototyping, Massproduction<\/p><\/div><\/div><\/div><div class=\"one-third column-block   \" style=\"\"><div class=\"team-shortcode-wrap\"><div class=\"team-img  be-animate\" data-animation=\"rotateIn\"><img decoding=\"async\" src=\"https:\/\/www.tec4data.com\/wp-content\/uploads\/sites\/3\/2015\/10\/ww2_1920x10801-e1445802166878-650x650.jpg\" alt=\"Werner\" \/><\/div>\n\t\t\t\t\t<div class=\"team-wrap  be-animate\" data-animation=\"rotateIn\">\n\t\t\t\t\t<h3 class=\"team-title\" style=\"color: #ff0000\">Werner<\/h3><p class=\"designation alt-color\" >Mechanical Engineer<\/p>\n\t\t\t\t\t<p class=\"team-description\" >Mechanical Engineering, Concept Studies, Injectionmolding, Prototyping, Massproduction<\/p><\/div><\/div><\/div><\/div><div class=\"be-row clearfix be-wrap \"><div class=\"one-third column-block   \" style=\"\"><\/div><div class=\"one-third column-block   \" style=\"\"><\/div><div class=\"one-third column-block   \" style=\"\"><\/div><\/div><\/div><\/div><div class=\"be-section       clearfix\" data-headerscheme=\"background--dark\" style=\"\" ><div class=\"be-section-pad clearfix\" style=\"padding-top:100px;padding-bottom:100px;\"><div class=\"be-row clearfix be-wrap \"><div class=\"one-third column-block   \" style=\"\"><div class=\"be-text-block be-animate \" data-animation=\"fadeIn\"><h3 style=\"text-align: left;\">WER<\/h3>\n<\/div><ul class=\"custom-list\"><li class=\"custom-list-content\"><i class=\"font-icon icon-star-empty \" style=\"color:#ffffff;\"><\/i><span class=\"custom-list-content-inner\">Ein motiviertes Team von Experten, Individualisten, Optimisten und Querdenkern mit 30 Jahren L\u00f6sungskompentenz!<\/span><\/li><li class=\"custom-list-content\"><i class=\"font-icon icon-star-empty \" style=\"color:#ffffff;\"><\/i><span class=\"custom-list-content-inner\">Wir sind keine Industriedesigner, aber wir kennen <a href=\"http:\/\/www.studio-novo.com\/?page_id=22\" target=\"_blank\">Studio Novo<\/a><\/span><\/li><\/ul><\/div><div class=\"one-third column-block   \" style=\"\"><div class=\"be-text-block be-animate \" data-animation=\"fadeIn\"><h3 style=\"text-align: left;\">WAS<\/h3>\n<\/div><ul class=\"custom-list\"><li class=\"custom-list-content\"><i class=\"font-icon icon-none \" style=\"color:#141414;\"><\/i><span class=\"custom-list-content-inner\">Wir setzen Ideen um:<\/span><\/li><li class=\"custom-list-content\"><i class=\"font-icon icon-star-empty \" style=\"color:#ffffff;\"><\/i><span class=\"custom-list-content-inner\">mit oder ohne Konzeptvorgaben<\/span><\/li><li class=\"custom-list-content\"><i class=\"font-icon icon-star-empty \" style=\"color:#ffffff;\"><\/i><span class=\"custom-list-content-inner\">mit oder ohne Designvorgaben<\/span><\/li><li class=\"custom-list-content\"><i class=\"font-icon icon-star-empty \" style=\"color:#ffffff;\"><\/i><span class=\"custom-list-content-inner\">mit oder ohne Elektronik<\/span><\/li><li class=\"custom-list-content\"><i class=\"font-icon icon-star-empty \" style=\"color:#ffffff;\"><\/i><span class=\"custom-list-content-inner\">mit oder ohne Software<\/span><\/li><li class=\"custom-list-content\"><i class=\"font-icon icon-star-empty \" style=\"color:#ffffff;\"><\/i><span class=\"custom-list-content-inner\">aus Stahl oder Kunststoff oder &#8230;.<\/span><\/li><\/ul><\/div><div class=\"one-third column-block   \" style=\"background: url(https:\/\/www.tec4data.com\/wp-content\/uploads\/sites\/3\/2015\/10\/styrian_panther_2652.png) no-repeat scroll center right;\"><div class=\"be-text-block be-animate \" data-animation=\"fadeIn\"><h3 style=\"text-align: left;\">WO<\/h3>\n<\/div><ul class=\"custom-list\"><li class=\"custom-list-content\"><i class=\"font-icon icon-star-empty \" style=\"color:#ffffff;\"><\/i><span class=\"custom-list-content-inner\">In der Hochsteiermark, 16km n\u00f6rdlich von Kapfenberg befindet sich unsere Ideenschmiede.<\/span><\/li><li class=\"custom-list-content\"><i class=\"font-icon icon-star-empty \" style=\"color:#ffffff;\"><\/i><span class=\"custom-list-content-inner\">\n<h3 style=\"text-align: justify;\">tec4data<\/h3>\n<h4 style=\"text-align: justify;\">smarter&nbsp;facts!<\/h4>\n<p style=\"text-align: justify;\">Werner Wolf<br \/>\nTh\u00f6rl 35 (Werkseinfahrtsweg 25)<br \/>\nA &#8211; 8621 Th\u00f6rl<br \/>\nAustria<br \/>\ncell phone:<a href=\"tel:+436642528543\"> +43 664 2528543<\/a><br \/>\nemail:<a href=\"mailto:office@tec4data.at\"> office@tec4data.at<\/a><br \/>\nUID: AT U44131505<br \/>\nEORI: ATEOS1000029570<\/p>\n<\/span><\/li><\/ul><\/div><\/div><\/div><\/div>\n","protected":false},"excerpt":{"rendered":"<p>Produktentwickler aus Leidenschaft 1996 gegr\u00fcndet, haben wir uns unterschiedlichsten Herausforderungen gestellt, um die W\u00fcnsche unserer Kunden zu erf\u00fcllen. Flexibilit\u00e4t, Innovationskraft, ganzheitliche Denkans\u00e4tze &nbsp;und unser Motto \u201egeht nicht gibt\u2019s nicht\u201c waren stets der Garant f\u00fcr zielf\u00fchrende Projektabschl\u00fcsse und zufriedene Kunden. Single Point of Contact Kontinuierlich bauen wir unsere Kompetenzen aus. Waren es anfangs ausschlie\u00dflich mechanisch dominierte Projekte, sind wir seit 2010 in der Lage komplexe Anforderungen in den Bereichen Embedded Engineering, [&hellip;]<\/p>\n<p><a href=\"https:\/\/www.tec4data.com\/\" class=\"more-link\">Continue Reading<\/a><\/p>","protected":false},"author":2,"featured_media":0,"parent":0,"menu_order":0,"comment_status":"closed","ping_status":"closed","template":"","meta":{"footnotes":""},"class_list":["post-13","page","type-page","status-publish","hentry"],"_links":{"self":[{"href":"https:\/\/www.tec4data.com\/index.php\/wp-json\/wp\/v2\/pages\/13","targetHints":{"allow":["GET"]}}],"collection":[{"href":"https:\/\/www.tec4data.com\/index.php\/wp-json\/wp\/v2\/pages"}],"about":[{"href":"https:\/\/www.tec4data.com\/index.php\/wp-json\/wp\/v2\/types\/page"}],"author":[{"embeddable":true,"href":"https:\/\/www.tec4data.com\/index.php\/wp-json\/wp\/v2\/users\/2"}],"replies":[{"embeddable":true,"href":"https:\/\/www.tec4data.com\/index.php\/wp-json\/wp\/v2\/comments?post=13"}],"version-history":[{"count":1,"href":"https:\/\/www.tec4data.com\/index.php\/wp-json\/wp\/v2\/pages\/13\/revisions"}],"predecessor-version":[{"id":111,"href":"https:\/\/www.tec4data.com\/index.php\/wp-json\/wp\/v2\/pages\/13\/revisions\/111"}],"wp:attachment":[{"href":"https:\/\/www.tec4data.com\/index.php\/wp-json\/wp\/v2\/media?parent=13"}],"curies":[{"name":"wp","href":"https:\/\/api.w.org\/{rel}","templated":true}]}}